{"id":423,"date":"2024-08-12T06:59:22","date_gmt":"2024-08-12T06:59:22","guid":{"rendered":"https:\/\/themewant.com\/products\/wordpress\/nathan-dark\/?page_id=423"},"modified":"2026-03-13T12:47:32","modified_gmt":"2026-03-13T12:47:32","slug":"what-she-does","status":"publish","type":"page","link":"https:\/\/ali1.igr05.pt\/index.php\/what-she-does\/","title":{"rendered":"O que ela faz"},"content":{"rendered":"\t\t<div data-elementor-type=\"wp-page\" data-elementor-id=\"423\" class=\"elementor elementor-423\">\n\t\t\t\t<div data-particle_enable=\"false\" data-particle-mobile-disabled=\"false\" class=\"elementor-element elementor-element-747d6f0 e-con-full e-flex rt-default-class e-con e-parent\" data-id=\"747d6f0\" data-element_type=\"container\" data-e-type=\"container\">\n\t\t<div data-particle_enable=\"false\" data-particle-mobile-disabled=\"false\" class=\"elementor-element elementor-element-926b01a e-grid e-con-full rt-default-class e-con e-child\" data-id=\"926b01a\" data-element_type=\"container\" data-e-type=\"container\">\n\t\t<div data-particle_enable=\"false\" data-particle-mobile-disabled=\"false\" class=\"elementor-element elementor-element-ddac9f1 e-con-full rt-primary-bg e-flex elementor-invisible e-con e-child\" data-id=\"ddac9f1\" data-element_type=\"container\" data-e-type=\"container\" data-settings=\"{&quot;animation&quot;:&quot;fadeInUp&quot;}\">\n\t\t\t\t<div class=\"elementor-element elementor-element-b4cdee7 elementor-widget__width-initial elementor-widget-tablet__width-inherit rt-default-class elementor-invisible elementor-widget elementor-widget-heading\" data-id=\"b4cdee7\" data-element_type=\"widget\" data-e-type=\"widget\" data-settings=\"{&quot;_animation&quot;:&quot;fadeInUp&quot;}\" data-widget_type=\"heading.default\">\n\t\t\t\t\t<h3 class=\"elementor-heading-title elementor-size-default\">CANTORA &amp; COMPOSITORA<\/h3>\t\t\t\t<\/div>\n\t\t\t\t<div class=\"elementor-element elementor-element-4af9158 elementor-widget__width-initial elementor-widget-tablet__width-inherit rt-default-class elementor-widget elementor-widget-heading\" data-id=\"4af9158\" data-element_type=\"widget\" data-e-type=\"widget\" data-widget_type=\"heading.default\">\n\t\t\t\t\t<p class=\"elementor-heading-title elementor-size-default\">Cria m\u00fasicas profundamente pessoais que misturam jazz, m\u00fasica cl\u00e1ssica e indie pop de forma \u00fanica e inconfund\u00edvel.<\/p>\t\t\t\t<\/div>\n\t\t\t\t<\/div>\n\t\t<div data-particle_enable=\"false\" data-particle-mobile-disabled=\"false\" class=\"elementor-element elementor-element-558778e e-con-full rt-primary-bg e-flex elementor-invisible e-con e-child\" data-id=\"558778e\" data-element_type=\"container\" data-e-type=\"container\" data-settings=\"{&quot;animation&quot;:&quot;fadeInUp&quot;}\">\n\t\t\t\t<div class=\"elementor-element elementor-element-8961b96 elementor-widget__width-initial elementor-widget-tablet__width-inherit rt-default-class elementor-invisible elementor-widget elementor-widget-heading\" data-id=\"8961b96\" data-element_type=\"widget\" data-e-type=\"widget\" data-settings=\"{&quot;_animation&quot;:&quot;fadeInUp&quot;}\" data-widget_type=\"heading.default\">\n\t\t\t\t\t<h3 class=\"elementor-heading-title elementor-size-default\">PRODUTORA MUSICAL<\/h3>\t\t\t\t<\/div>\n\t\t\t\t<div class=\"elementor-element elementor-element-9fc57e8 elementor-widget__width-initial elementor-widget-tablet__width-inherit rt-default-class elementor-widget elementor-widget-heading\" data-id=\"9fc57e8\" data-element_type=\"widget\" data-e-type=\"widget\" data-widget_type=\"heading.default\">\n\t\t\t\t\t<p class=\"elementor-heading-title elementor-size-default\">Envolvida na produ\u00e7\u00e3o e arranjo dos seus pr\u00f3prios \u00e1lbuns desde o in\u00edcio ao fim.<\/p>\t\t\t\t<\/div>\n\t\t\t\t<\/div>\n\t\t<div data-particle_enable=\"false\" data-particle-mobile-disabled=\"false\" class=\"elementor-element elementor-element-7e1a36a e-con-full rt-primary-bg e-flex elementor-invisible e-con e-child\" data-id=\"7e1a36a\" data-element_type=\"container\" data-e-type=\"container\" data-settings=\"{&quot;animation&quot;:&quot;fadeInUp&quot;}\">\n\t\t\t\t<div class=\"elementor-element elementor-element-2e70e2a elementor-widget__width-initial elementor-widget-tablet__width-inherit rt-default-class elementor-invisible elementor-widget elementor-widget-heading\" data-id=\"2e70e2a\" data-element_type=\"widget\" data-e-type=\"widget\" data-settings=\"{&quot;_animation&quot;:&quot;fadeInUp&quot;}\" data-widget_type=\"heading.default\">\n\t\t\t\t\t<h3 class=\"elementor-heading-title elementor-size-default\">VIOLONCELISTA<\/h3>\t\t\t\t<\/div>\n\t\t\t\t<div class=\"elementor-element elementor-element-09a43ab elementor-widget__width-initial elementor-widget-tablet__width-inherit rt-default-class elementor-widget elementor-widget-heading\" data-id=\"09a43ab\" data-element_type=\"widget\" data-e-type=\"widget\" data-widget_type=\"heading.default\">\n\t\t\t\t\t<p class=\"elementor-heading-title elementor-size-default\">Violoncelista com forma\u00e7\u00e3o cl\u00e1ssica que j\u00e1 actuou com orquestras em todo o mundo.<\/p>\t\t\t\t<\/div>\n\t\t\t\t<\/div>\n\t\t<div data-particle_enable=\"false\" data-particle-mobile-disabled=\"false\" class=\"elementor-element elementor-element-bac4481 e-con-full rt-primary-bg e-flex elementor-invisible e-con e-child\" data-id=\"bac4481\" data-element_type=\"container\" data-e-type=\"container\" data-settings=\"{&quot;animation&quot;:&quot;fadeInUp&quot;}\">\n\t\t\t\t<div class=\"elementor-element elementor-element-9390a92 elementor-widget__width-initial elementor-widget-tablet__width-inherit rt-default-class elementor-invisible elementor-widget elementor-widget-heading\" data-id=\"9390a92\" data-element_type=\"widget\" data-e-type=\"widget\" data-settings=\"{&quot;_animation&quot;:&quot;fadeInUp&quot;}\" data-widget_type=\"heading.default\">\n\t\t\t\t\t<h3 class=\"elementor-heading-title elementor-size-default\">ARRANJADORA ORQUESTRAL<\/h3>\t\t\t\t<\/div>\n\t\t\t\t<div class=\"elementor-element elementor-element-2945440 elementor-widget__width-initial elementor-widget-tablet__width-inherit rt-default-class elementor-widget elementor-widget-heading\" data-id=\"2945440\" data-element_type=\"widget\" data-e-type=\"widget\" data-widget_type=\"heading.default\">\n\t\t\t\t\t<p class=\"elementor-heading-title elementor-size-default\">Escreve e arranja partes orquestrais para as suas actua\u00e7\u00f5es sinf\u00f3nicas ao vivo.<\/p>\t\t\t\t<\/div>\n\t\t\t\t<\/div>\n\t\t<div data-particle_enable=\"false\" data-particle-mobile-disabled=\"false\" class=\"elementor-element elementor-element-4fd82d3 e-con-full rt-primary-bg e-flex elementor-invisible e-con e-child\" data-id=\"4fd82d3\" data-element_type=\"container\" data-e-type=\"container\" data-settings=\"{&quot;animation&quot;:&quot;fadeInUp&quot;}\">\n\t\t\t\t<div class=\"elementor-element elementor-element-09b480e elementor-widget__width-initial elementor-widget-tablet__width-inherit rt-default-class elementor-invisible elementor-widget elementor-widget-heading\" data-id=\"09b480e\" data-element_type=\"widget\" data-e-type=\"widget\" data-settings=\"{&quot;_animation&quot;:&quot;fadeInUp&quot;}\" data-widget_type=\"heading.default\">\n\t\t\t\t\t<h3 class=\"elementor-heading-title elementor-size-default\">PIANISTA<\/h3>\t\t\t\t<\/div>\n\t\t\t\t<div class=\"elementor-element elementor-element-0708148 elementor-widget__width-initial elementor-widget-tablet__width-inherit rt-default-class elementor-widget elementor-widget-heading\" data-id=\"0708148\" data-element_type=\"widget\" data-e-type=\"widget\" data-widget_type=\"heading.default\">\n\t\t\t\t\t<p class=\"elementor-heading-title elementor-size-default\">Toca piano desde crian\u00e7a, o instrumento que est\u00e1 na base de muitas das suas grava\u00e7\u00f5es mais \u00edntimas.<\/p>\t\t\t\t<\/div>\n\t\t\t\t<\/div>\n\t\t<div data-particle_enable=\"false\" data-particle-mobile-disabled=\"false\" class=\"elementor-element elementor-element-5c6185d e-con-full rt-primary-bg e-flex elementor-invisible e-con e-child\" data-id=\"5c6185d\" data-element_type=\"container\" data-e-type=\"container\" data-settings=\"{&quot;animation&quot;:&quot;fadeInUp&quot;}\">\n\t\t\t\t<div class=\"elementor-element elementor-element-78378cd elementor-widget__width-initial elementor-widget-tablet__width-inherit rt-default-class elementor-invisible elementor-widget elementor-widget-heading\" data-id=\"78378cd\" data-element_type=\"widget\" data-e-type=\"widget\" data-settings=\"{&quot;_animation&quot;:&quot;fadeInUp&quot;}\" data-widget_type=\"heading.default\">\n\t\t\t\t\t<h3 class=\"elementor-heading-title elementor-size-default\">ACTRIZ<\/h3>\t\t\t\t<\/div>\n\t\t\t\t<div class=\"elementor-element elementor-element-2806b01 elementor-widget__width-initial elementor-widget-tablet__width-inherit rt-default-class elementor-widget elementor-widget-heading\" data-id=\"2806b01\" data-element_type=\"widget\" data-e-type=\"widget\" data-widget_type=\"heading.default\">\n\t\t\t\t\t<p class=\"elementor-heading-title elementor-size-default\">Estreou-se como actriz, expandindo o seu universo criativo para al\u00e9m da m\u00fasica.<\/p>\t\t\t\t<\/div>\n\t\t\t\t<\/div>\n\t\t<div data-particle_enable=\"false\" data-particle-mobile-disabled=\"false\" class=\"elementor-element elementor-element-c003322 e-con-full rt-primary-bg e-flex elementor-invisible e-con e-child\" data-id=\"c003322\" data-element_type=\"container\" data-e-type=\"container\" data-settings=\"{&quot;animation&quot;:&quot;fadeInUp&quot;}\">\n\t\t\t\t<div class=\"elementor-element elementor-element-7c1c108 elementor-widget__width-initial elementor-widget-tablet__width-inherit rt-default-class elementor-invisible elementor-widget elementor-widget-heading\" data-id=\"7c1c108\" data-element_type=\"widget\" data-e-type=\"widget\" data-settings=\"{&quot;_animation&quot;:&quot;fadeInUp&quot;}\" data-widget_type=\"heading.default\">\n\t\t\t\t\t<h3 class=\"elementor-heading-title elementor-size-default\">ARTISTA AO VIVO<\/h3>\t\t\t\t<\/div>\n\t\t\t\t<div class=\"elementor-element elementor-element-b62f841 elementor-widget__width-initial elementor-widget-tablet__width-inherit rt-default-class elementor-widget elementor-widget-heading\" data-id=\"b62f841\" data-element_type=\"widget\" data-e-type=\"widget\" data-widget_type=\"heading.default\">\n\t\t\t\t\t<p class=\"elementor-heading-title elementor-size-default\">Com salas esgotadas em palcos ic\u00f3nicos como o Hollywood Bowl e o Royal Albert Hall de Londres.<\/p>\t\t\t\t<\/div>\n\t\t\t\t<\/div>\n\t\t<div data-particle_enable=\"false\" data-particle-mobile-disabled=\"false\" class=\"elementor-element elementor-element-df8f370 e-con-full rt-primary-bg e-flex elementor-invisible e-con e-child\" data-id=\"df8f370\" data-element_type=\"container\" data-e-type=\"container\" data-settings=\"{&quot;animation&quot;:&quot;fadeInUp&quot;}\">\n\t\t\t\t<div class=\"elementor-element elementor-element-1d4df65 elementor-widget__width-initial elementor-widget-tablet__width-inherit rt-default-class elementor-invisible elementor-widget elementor-widget-heading\" data-id=\"1d4df65\" data-element_type=\"widget\" data-e-type=\"widget\" data-settings=\"{&quot;_animation&quot;:&quot;fadeInUp&quot;}\" data-widget_type=\"heading.default\">\n\t\t\t\t\t<h3 class=\"elementor-heading-title elementor-size-default\">\u00cdCONE DE MODA<\/h3>\t\t\t\t<\/div>\n\t\t\t\t<div class=\"elementor-element elementor-element-e944145 elementor-widget__width-initial elementor-widget-tablet__width-inherit rt-default-class elementor-widget elementor-widget-heading\" data-id=\"e944145\" data-element_type=\"widget\" data-e-type=\"widget\" data-widget_type=\"heading.default\">\n\t\t\t\t\t<p class=\"elementor-heading-title elementor-size-default\">Reconhecida pela sua est\u00e9tica feminina e vintage que reflecte o seu tom musical.\n<\/p>\t\t\t\t<\/div>\n\t\t\t\t<\/div>\n\t\t<div data-particle_enable=\"false\" data-particle-mobile-disabled=\"false\" class=\"elementor-element elementor-element-e532d88 e-con-full rt-primary-bg e-flex elementor-invisible e-con e-child\" data-id=\"e532d88\" data-element_type=\"container\" data-e-type=\"container\" data-settings=\"{&quot;animation&quot;:&quot;fadeInUp&quot;}\">\n\t\t\t\t<div class=\"elementor-element elementor-element-6bfe903 elementor-widget__width-initial elementor-widget-tablet__width-inherit rt-default-class elementor-invisible elementor-widget elementor-widget-heading\" data-id=\"6bfe903\" data-element_type=\"widget\" data-e-type=\"widget\" data-settings=\"{&quot;_animation&quot;:&quot;fadeInUp&quot;}\" data-widget_type=\"heading.default\">\n\t\t\t\t\t<h3 class=\"elementor-heading-title elementor-size-default\">GUITARRISTA<\/h3>\t\t\t\t<\/div>\n\t\t\t\t<div class=\"elementor-element elementor-element-9f1c8e2 elementor-widget__width-initial elementor-widget-tablet__width-inherit rt-default-class elementor-widget elementor-widget-heading\" data-id=\"9f1c8e2\" data-element_type=\"widget\" data-e-type=\"widget\" data-widget_type=\"heading.default\">\n\t\t\t\t\t<p class=\"elementor-heading-title elementor-size-default\">Traz uma camada ac\u00fastica calorosa \u00e0s suas actua\u00e7\u00f5es ao vivo e grava\u00e7\u00f5es de est\u00fadio.<\/p>\t\t\t\t<\/div>\n\t\t\t\t<\/div>\n\t\t<div data-particle_enable=\"false\" data-particle-mobile-disabled=\"false\" class=\"elementor-element elementor-element-92e64b2 e-con-full rt-primary-bg e-flex elementor-invisible e-con e-child\" data-id=\"92e64b2\" data-element_type=\"container\" data-e-type=\"container\" data-settings=\"{&quot;animation&quot;:&quot;fadeInUp&quot;}\">\n\t\t\t\t<div class=\"elementor-element elementor-element-31fd627 elementor-widget__width-initial elementor-widget-tablet__width-inherit rt-default-class elementor-invisible elementor-widget elementor-widget-heading\" data-id=\"31fd627\" data-element_type=\"widget\" data-e-type=\"widget\" data-settings=\"{&quot;_animation&quot;:&quot;fadeInUp&quot;}\" data-widget_type=\"heading.default\">\n\t\t\t\t\t<h3 class=\"elementor-heading-title elementor-size-default\">NARRADORA DE HIST\u00d3RIAS<\/h3>\t\t\t\t<\/div>\n\t\t\t\t<div class=\"elementor-element elementor-element-3d52093 elementor-widget__width-initial elementor-widget-tablet__width-inherit rt-default-class elementor-widget elementor-widget-heading\" data-id=\"3d52093\" data-element_type=\"widget\" data-e-type=\"widget\" data-widget_type=\"heading.default\">\n\t\t\t\t\t<p class=\"elementor-heading-title elementor-size-default\">Usa cada can\u00e7\u00e3o como uma janela para o amor, a saudade e os momentos silenciosos da vida.<\/p>\t\t\t\t<\/div>\n\t\t\t\t<\/div>\n\t\t\t\t<\/div>\n\t\t\t\t<\/div>\n\t\t\t\t<\/div>\n\t\t","protected":false},"excerpt":{"rendered":"<p>CANTORA &amp; COMPOSITORA Cria m\u00fasicas profundamente pessoais que misturam jazz, m\u00fasica cl\u00e1ssica e indie pop de forma \u00fanica e inconfund\u00edvel. PRODUTORA MUSICAL Envolvida na produ\u00e7\u00e3o e arranjo dos seus pr\u00f3prios \u00e1lbuns desde o in\u00edcio ao fim. VIOLONCELISTA Violoncelista com forma\u00e7\u00e3o cl\u00e1ssica que j\u00e1 actuou com orquestras em todo o mundo. ARRANJADORA ORQUESTRAL Escreve e arranja&#8230;<\/p>\n","protected":false},"author":1,"featured_media":0,"parent":0,"menu_order":0,"comment_status":"closed","ping_status":"closed","template":"elementor_header_footer","meta":{"footnotes":""},"class_list":["post-423","page","type-page","status-publish","hentry"],"_links":{"self":[{"href":"https:\/\/ali1.igr05.pt\/index.php\/wp-json\/wp\/v2\/pages\/423","targetHints":{"allow":["GET"]}}],"collection":[{"href":"https:\/\/ali1.igr05.pt\/index.php\/wp-json\/wp\/v2\/pages"}],"about":[{"href":"https:\/\/ali1.igr05.pt\/index.php\/wp-json\/wp\/v2\/types\/page"}],"author":[{"embeddable":true,"href":"https:\/\/ali1.igr05.pt\/index.php\/wp-json\/wp\/v2\/users\/1"}],"replies":[{"embeddable":true,"href":"https:\/\/ali1.igr05.pt\/index.php\/wp-json\/wp\/v2\/comments?post=423"}],"version-history":[{"count":4,"href":"https:\/\/ali1.igr05.pt\/index.php\/wp-json\/wp\/v2\/pages\/423\/revisions"}],"predecessor-version":[{"id":1297,"href":"https:\/\/ali1.igr05.pt\/index.php\/wp-json\/wp\/v2\/pages\/423\/revisions\/1297"}],"wp:attachment":[{"href":"https:\/\/ali1.igr05.pt\/index.php\/wp-json\/wp\/v2\/media?parent=423"}],"curies":[{"name":"wp","href":"https:\/\/api.w.org\/{rel}","templated":true}]}}