{"id":431,"date":"2024-08-12T08:29:27","date_gmt":"2024-08-12T08:29:27","guid":{"rendered":"https:\/\/themewant.com\/products\/wordpress\/nathan-dark\/?page_id=431"},"modified":"2026-03-13T12:47:52","modified_gmt":"2026-03-13T12:47:52","slug":"projetos","status":"publish","type":"page","link":"https:\/\/ali1.igr05.pt\/index.php\/projetos\/","title":{"rendered":"Projetos"},"content":{"rendered":"\t\t<div data-elementor-type=\"wp-page\" data-elementor-id=\"431\" class=\"elementor elementor-431\">\n\t\t\t\t<div data-particle_enable=\"false\" data-particle-mobile-disabled=\"false\" class=\"elementor-element elementor-element-7c0a9b7 e-con-full e-flex rt-default-class e-con e-parent\" data-id=\"7c0a9b7\" data-element_type=\"container\" data-e-type=\"container\">\n\t\t<div data-particle_enable=\"false\" data-particle-mobile-disabled=\"false\" class=\"elementor-element elementor-element-07e8c84 e-con-full e-flex rt-default-class elementor-invisible e-con e-child\" data-id=\"07e8c84\" data-element_type=\"container\" data-e-type=\"container\" data-settings=\"{&quot;animation&quot;:&quot;fadeInRight&quot;}\">\n\t\t<div data-particle_enable=\"false\" data-particle-mobile-disabled=\"false\" class=\"elementor-element elementor-element-e9673cf e-con-full rt-primary-bg e-flex e-con e-child\" data-id=\"e9673cf\" data-element_type=\"container\" data-e-type=\"container\">\n\t\t\t\t<div class=\"elementor-element elementor-element-019d71d rt-default-class elementor-widget elementor-widget-heading\" data-id=\"019d71d\" data-element_type=\"widget\" data-e-type=\"widget\" data-widget_type=\"heading.default\">\n\t\t\t\t\t<span class=\"elementor-heading-title elementor-size-default\">DISCOGRAFIA<\/span>\t\t\t\t<\/div>\n\t\t\t\t<div class=\"elementor-element elementor-element-3f9f0ba rt-default-class elementor-widget elementor-widget-heading\" data-id=\"3f9f0ba\" data-element_type=\"widget\" data-e-type=\"widget\" data-widget_type=\"heading.default\">\n\t\t\t\t\t<h2 class=\"elementor-heading-title elementor-size-default\">Tr\u00eas \u00e1lbuns. Milh\u00f5es de hist\u00f3rias. Um som inconfund\u00edvel.<\/h2>\t\t\t\t<\/div>\n\t\t\t\t<\/div>\n\t\t<div data-particle_enable=\"false\" data-particle-mobile-disabled=\"false\" class=\"elementor-element elementor-element-8c761b6 e-con-full e-flex rt-default-class e-con e-child\" data-id=\"8c761b6\" data-element_type=\"container\" data-e-type=\"container\">\n\t\t\t\t<div class=\"elementor-element elementor-element-dfdcb60 rt-default-class elementor-widget elementor-widget-image\" data-id=\"dfdcb60\" data-element_type=\"widget\" data-e-type=\"widget\" data-widget_type=\"image.default\">\n\t\t\t\t\t\t\t\t\t\t\t\t<figure class=\"wp-caption\">\n\t\t\t\t\t\t\t\t\t\t<img fetchpriority=\"high\" decoding=\"async\" width=\"641\" height=\"639\" src=\"https:\/\/ali1.igr05.pt\/wp-content\/uploads\/2026\/03\/Screenshot-2026-03-13-122048.png\" class=\"attachment-full size-full wp-image-1301\" alt=\"\" srcset=\"https:\/\/ali1.igr05.pt\/wp-content\/uploads\/2026\/03\/Screenshot-2026-03-13-122048.png 641w, https:\/\/ali1.igr05.pt\/wp-content\/uploads\/2026\/03\/Screenshot-2026-03-13-122048-300x300.png 300w, https:\/\/ali1.igr05.pt\/wp-content\/uploads\/2026\/03\/Screenshot-2026-03-13-122048-150x150.png 150w, https:\/\/ali1.igr05.pt\/wp-content\/uploads\/2026\/03\/Screenshot-2026-03-13-122048-87x87.png 87w\" sizes=\"(max-width: 641px) 100vw, 641px\" \/>\t\t\t\t\t\t\t\t\t\t\t<figcaption class=\"widget-image-caption wp-caption-text\">Bewitched<\/figcaption>\n\t\t\t\t\t\t\t\t\t\t<\/figure>\n\t\t\t\t\t\t\t\t\t<\/div>\n\t\t\t\t<div class=\"elementor-element elementor-element-c6b1766 elementor-widget__width-initial rt-default-class elementor-widget elementor-widget-image\" data-id=\"c6b1766\" data-element_type=\"widget\" data-e-type=\"widget\" data-widget_type=\"image.default\">\n\t\t\t\t\t\t\t\t\t\t\t\t<figure class=\"wp-caption\">\n\t\t\t\t\t\t\t\t\t\t<img decoding=\"async\" width=\"638\" height=\"637\" src=\"https:\/\/ali1.igr05.pt\/wp-content\/uploads\/2026\/03\/Screenshot-2026-03-13-121447.png\" class=\"attachment-full size-full wp-image-1299\" alt=\"\" srcset=\"https:\/\/ali1.igr05.pt\/wp-content\/uploads\/2026\/03\/Screenshot-2026-03-13-121447.png 638w, https:\/\/ali1.igr05.pt\/wp-content\/uploads\/2026\/03\/Screenshot-2026-03-13-121447-300x300.png 300w, https:\/\/ali1.igr05.pt\/wp-content\/uploads\/2026\/03\/Screenshot-2026-03-13-121447-150x150.png 150w, https:\/\/ali1.igr05.pt\/wp-content\/uploads\/2026\/03\/Screenshot-2026-03-13-121447-560x560.png 560w, https:\/\/ali1.igr05.pt\/wp-content\/uploads\/2026\/03\/Screenshot-2026-03-13-121447-87x87.png 87w\" sizes=\"(max-width: 638px) 100vw, 638px\" \/>\t\t\t\t\t\t\t\t\t\t\t<figcaption class=\"widget-image-caption wp-caption-text\">Bewitched: The Goddess Edition<\/figcaption>\n\t\t\t\t\t\t\t\t\t\t<\/figure>\n\t\t\t\t\t\t\t\t\t<\/div>\n\t\t\t\t<div class=\"elementor-element elementor-element-51e0b6f rt-default-class elementor-widget elementor-widget-image\" data-id=\"51e0b6f\" data-element_type=\"widget\" data-e-type=\"widget\" data-widget_type=\"image.default\">\n\t\t\t\t\t\t\t\t\t\t\t\t<figure class=\"wp-caption\">\n\t\t\t\t\t\t\t\t\t\t<img decoding=\"async\" width=\"639\" height=\"642\" src=\"https:\/\/ali1.igr05.pt\/wp-content\/uploads\/2026\/03\/Screenshot-2026-03-13-121931.png\" class=\"attachment-full size-full wp-image-1300\" alt=\"\" srcset=\"https:\/\/ali1.igr05.pt\/wp-content\/uploads\/2026\/03\/Screenshot-2026-03-13-121931.png 639w, https:\/\/ali1.igr05.pt\/wp-content\/uploads\/2026\/03\/Screenshot-2026-03-13-121931-300x300.png 300w, https:\/\/ali1.igr05.pt\/wp-content\/uploads\/2026\/03\/Screenshot-2026-03-13-121931-150x150.png 150w, https:\/\/ali1.igr05.pt\/wp-content\/uploads\/2026\/03\/Screenshot-2026-03-13-121931-87x87.png 87w\" sizes=\"(max-width: 639px) 100vw, 639px\" \/>\t\t\t\t\t\t\t\t\t\t\t<figcaption class=\"widget-image-caption wp-caption-text\">A Matter of Time<\/figcaption>\n\t\t\t\t\t\t\t\t\t\t<\/figure>\n\t\t\t\t\t\t\t\t\t<\/div>\n\t\t\t\t<\/div>\n\t\t\t\t<div class=\"elementor-element elementor-element-6310e21 rt-default-class elementor-widget elementor-widget-image\" data-id=\"6310e21\" data-element_type=\"widget\" data-e-type=\"widget\" data-widget_type=\"image.default\">\n\t\t\t\t\t\t\t\t\t\t\t\t<figure class=\"wp-caption\">\n\t\t\t\t\t\t\t\t\t\t<img loading=\"lazy\" decoding=\"async\" width=\"750\" height=\"750\" src=\"https:\/\/ali1.igr05.pt\/wp-content\/uploads\/2026\/03\/laufeygreen.jpg\" class=\"attachment-full size-full wp-image-1121\" alt=\"\" srcset=\"https:\/\/ali1.igr05.pt\/wp-content\/uploads\/2026\/03\/laufeygreen.jpg 750w, https:\/\/ali1.igr05.pt\/wp-content\/uploads\/2026\/03\/laufeygreen-300x300.jpg 300w, https:\/\/ali1.igr05.pt\/wp-content\/uploads\/2026\/03\/laufeygreen-150x150.jpg 150w, https:\/\/ali1.igr05.pt\/wp-content\/uploads\/2026\/03\/laufeygreen-560x560.jpg 560w, https:\/\/ali1.igr05.pt\/wp-content\/uploads\/2026\/03\/laufeygreen-87x87.jpg 87w\" sizes=\"(max-width: 750px) 100vw, 750px\" \/>\t\t\t\t\t\t\t\t\t\t\t<figcaption class=\"widget-image-caption wp-caption-text\">Everything I Know About Love<\/figcaption>\n\t\t\t\t\t\t\t\t\t\t<\/figure>\n\t\t\t\t\t\t\t\t\t<\/div>\n\t\t\t\t<\/div>\n\t\t\t\t<\/div>\n\t\t\t\t<\/div>\n\t\t","protected":false},"excerpt":{"rendered":"<p>DISCOGRAFIA Tr\u00eas \u00e1lbuns. Milh\u00f5es de hist\u00f3rias. Um som inconfund\u00edvel. Bewitched Bewitched: The Goddess Edition A Matter of Time Everything I Know About Love<\/p>\n","protected":false},"author":1,"featured_media":0,"parent":0,"menu_order":0,"comment_status":"closed","ping_status":"closed","template":"elementor_header_footer","meta":{"footnotes":""},"class_list":["post-431","page","type-page","status-publish","hentry"],"_links":{"self":[{"href":"https:\/\/ali1.igr05.pt\/index.php\/wp-json\/wp\/v2\/pages\/431","targetHints":{"allow":["GET"]}}],"collection":[{"href":"https:\/\/ali1.igr05.pt\/index.php\/wp-json\/wp\/v2\/pages"}],"about":[{"href":"https:\/\/ali1.igr05.pt\/index.php\/wp-json\/wp\/v2\/types\/page"}],"author":[{"embeddable":true,"href":"https:\/\/ali1.igr05.pt\/index.php\/wp-json\/wp\/v2\/users\/1"}],"replies":[{"embeddable":true,"href":"https:\/\/ali1.igr05.pt\/index.php\/wp-json\/wp\/v2\/comments?post=431"}],"version-history":[{"count":4,"href":"https:\/\/ali1.igr05.pt\/index.php\/wp-json\/wp\/v2\/pages\/431\/revisions"}],"predecessor-version":[{"id":1305,"href":"https:\/\/ali1.igr05.pt\/index.php\/wp-json\/wp\/v2\/pages\/431\/revisions\/1305"}],"wp:attachment":[{"href":"https:\/\/ali1.igr05.pt\/index.php\/wp-json\/wp\/v2\/media?parent=431"}],"curies":[{"name":"wp","href":"https:\/\/api.w.org\/{rel}","templated":true}]}}